{"id":982,"date":"2025-05-13T18:52:51","date_gmt":"2025-05-13T16:52:51","guid":{"rendered":"http:\/\/nuevaweb.zoobap.com\/?page_id=982"},"modified":"2025-05-14T11:01:30","modified_gmt":"2025-05-14T09:01:30","slug":"sobre-nosotros","status":"publish","type":"page","link":"https:\/\/www.zoobap.com\/index.php\/sobre-nosotros\/","title":{"rendered":"Sobre nosotros"},"content":{"rendered":"\n<h2 class=\"wp-block-heading has-text-align-center\">\u00bfQui\u00e9nes somos?<\/h2>\n\n\n\n<div class=\"wp-block-columns alignwide is-layout-flex wp-container-core-columns-is-layout-28f84493 wp-block-columns-is-layout-flex\">\n<div class=\"wp-block-column is-vertically-aligned-center is-layout-flow wp-block-column-is-layout-flow\">\n<p>Somos una empresa especializada en servicios inform\u00e1ticos integrales, comprometida con que tu negocio nunca se detenga por problemas tecnol\u00f3gicos. <br><\/p>\n\n\n\n<p>Ofrecemos soluciones que van desde la instalaci\u00f3n y soporte hasta la arquitectura de servidores y sistemas de backups, siempre con un enfoque en rapidez, calidad, seguridad y eficiencia.<br><\/p>\n<\/div>\n\n\n\n<div class=\"wp-block-column is-vertically-aligned-center is-layout-flow wp-block-column-is-layout-flow\">\n<figure class=\"wp-block-image size-large\"><img loading=\"lazy\" decoding=\"async\" width=\"1024\" height=\"683\" sizes=\"auto, (max-width: 322px) 100vw, 322px\" src=\"http:\/\/www.zoobap.com\/wp-content\/uploads\/2025\/04\/Zoobap-1024x683.webp\" alt=\"\" class=\"wp-image-390\" srcset=\"https:\/\/www.zoobap.com\/wp-content\/uploads\/2025\/04\/Zoobap-1024x683.webp 1024w, https:\/\/www.zoobap.com\/wp-content\/uploads\/2025\/04\/Zoobap-300x200.webp 300w, https:\/\/www.zoobap.com\/wp-content\/uploads\/2025\/04\/Zoobap-768x512.webp 768w, https:\/\/www.zoobap.com\/wp-content\/uploads\/2025\/04\/Zoobap.webp 1536w\" \/><\/figure>\n<\/div>\n<\/div>\n\n\n\n<div class=\"wp-block-group alignwide fila-arriba is-nowrap is-layout-flex wp-container-core-group-is-layout-6c531013 wp-block-group-is-layout-flex\">\n<div class=\"wp-block-columns columnas-de-arriba is-layout-flex wp-container-core-columns-is-layout-28f84493 wp-block-columns-is-layout-flex\">\n<div class=\"wp-block-column filas-arriba is-layout-flow wp-block-column-is-layout-flow\">\n<p><strong>COMPROMISOS<\/strong><br>Estamos tan comprometidos con la calidad de nuestro servicio que no trabajamos con permanencias. Pensamos que la \u00fanica forma que conservar clientes es que est\u00e9n contentos con nosotros.<\/p>\n<\/div>\n\n\n\n<div class=\"wp-block-column filas-arriba-imagen is-layout-flow wp-block-column-is-layout-flow\">\n<figure class=\"wp-block-image size-full is-resized\"><img loading=\"lazy\" decoding=\"async\" width=\"220\" height=\"167\" sizes=\"auto, (max-width: 161px) 100vw, 161px\" src=\"http:\/\/www.zoobap.com\/wp-content\/uploads\/2025\/05\/compromiso.webp\" alt=\"\" class=\"wp-image-1026\" style=\"aspect-ratio:1;object-fit:contain;width:247px;height:auto\"\/><\/figure>\n<\/div>\n\n\n\n<div class=\"wp-block-column filas-arriba is-layout-flow wp-block-column-is-layout-flow\">\n<p><strong>RECOMENDACIONES<\/strong><br>Creemos que una imagen vale m\u00e1s que mil palabras y por eso, crecemos \u00fanicamente mediante la pol\u00edtica del boca a boca. S\u00f3lo si usted est\u00e1 contento con nuestros servicios nos recomendar\u00eda a otras personas.                                                            <\/p>\n<\/div>\n\n\n\n<div class=\"wp-block-column filas-arriba-imagen is-layout-flow wp-block-column-is-layout-flow\">\n<figure class=\"wp-block-image size-full is-resized\"><img loading=\"lazy\" decoding=\"async\" width=\"220\" height=\"167\" sizes=\"auto, (max-width: 161px) 100vw, 161px\" src=\"http:\/\/www.zoobap.com\/wp-content\/uploads\/2025\/05\/Recomendaciones.webp\" alt=\"\" class=\"wp-image-1025\" style=\"aspect-ratio:1;object-fit:contain;width:240px;height:auto\"\/><\/figure>\n<\/div>\n<\/div>\n<\/div>\n\n\n\n<div class=\"wp-block-group alignwide fila-abajo is-horizontal is-nowrap is-layout-flex wp-container-core-group-is-layout-edc3bc78 wp-block-group-is-layout-flex\">\n<div class=\"wp-block-columns columnas-de-abajo is-layout-flex wp-container-core-columns-is-layout-28f84493 wp-block-columns-is-layout-flex\">\n<div class=\"wp-block-column filas-abajo is-layout-flow wp-block-column-is-layout-flow\">\n<p><strong>RAPIDEZ<\/strong><br>Tras muchos a\u00f1os en el mundo del soporte y del mantenimiento, sabemos que cuando alguien tiene un problema quiere que se lo resuelvan lo m\u00e1s r\u00e1pidamente posible.<br><\/p>\n<\/div>\n\n\n\n<div class=\"wp-block-column filas-abajo-imagen is-layout-flow wp-block-column-is-layout-flow\">\n<figure class=\"wp-block-image size-full is-resized\"><img loading=\"lazy\" decoding=\"async\" width=\"220\" height=\"167\" sizes=\"auto, (max-width: 161px) 100vw, 161px\" src=\"http:\/\/www.zoobap.com\/wp-content\/uploads\/2025\/05\/velocimetro.webp\" alt=\"\" class=\"wp-image-1024\" style=\"aspect-ratio:1;object-fit:contain;width:215px;height:auto\"\/><\/figure>\n<\/div>\n\n\n\n<div class=\"wp-block-column filas-abajo is-layout-flow wp-block-column-is-layout-flow\">\n<p><strong>CALIDAD<\/strong><br>Contamos con los mejores expertos en cada campo, le explicamos las distintas opciones que tiene para que tome siempre la decisi\u00f3n que mejor se adapte a su negocio<\/p>\n<\/div>\n\n\n\n<div class=\"wp-block-column filas-abajo-imagen is-layout-flow wp-block-column-is-layout-flow\">\n<figure class=\"wp-block-image size-full is-resized\"><img loading=\"lazy\" decoding=\"async\" width=\"220\" height=\"167\" sizes=\"auto, (max-width: 161px) 100vw, 161px\" src=\"http:\/\/www.zoobap.com\/wp-content\/uploads\/2025\/05\/Calidad.webp\" alt=\"\" class=\"wp-image-1027\" style=\"aspect-ratio:1;object-fit:contain;width:219px;height:auto\"\/><\/figure>\n<\/div>\n<\/div>\n<\/div>\n","protected":false},"excerpt":{"rendered":"<p>\u00bfQui\u00e9nes somos? Somos una empresa especializada en servicios inform\u00e1ticos integrales, comprometida con que tu negocio nunca se detenga por problemas tecnol\u00f3gicos. Ofrecemos soluciones que van desde la instalaci\u00f3n y soporte hasta la arquitectura de servidores y sistemas de backups, siempre con un enfoque en rapidez, calidad, seguridad y eficiencia. COMPROMISOSEstamos tan comprometidos con la calidad [&hellip;]<\/p>\n","protected":false},"author":1,"featured_media":0,"parent":0,"menu_order":0,"comment_status":"closed","ping_status":"closed","template":"","meta":{"footnotes":""},"class_list":["post-982","page","type-page","status-publish","hentry"],"_links":{"self":[{"href":"https:\/\/www.zoobap.com\/index.php\/wp-json\/wp\/v2\/pages\/982","targetHints":{"allow":["GET"]}}],"collection":[{"href":"https:\/\/www.zoobap.com\/index.php\/wp-json\/wp\/v2\/pages"}],"about":[{"href":"https:\/\/www.zoobap.com\/index.php\/wp-json\/wp\/v2\/types\/page"}],"author":[{"embeddable":true,"href":"https:\/\/www.zoobap.com\/index.php\/wp-json\/wp\/v2\/users\/1"}],"replies":[{"embeddable":true,"href":"https:\/\/www.zoobap.com\/index.php\/wp-json\/wp\/v2\/comments?post=982"}],"version-history":[{"count":67,"href":"https:\/\/www.zoobap.com\/index.php\/wp-json\/wp\/v2\/pages\/982\/revisions"}],"predecessor-version":[{"id":1151,"href":"https:\/\/www.zoobap.com\/index.php\/wp-json\/wp\/v2\/pages\/982\/revisions\/1151"}],"wp:attachment":[{"href":"https:\/\/www.zoobap.com\/index.php\/wp-json\/wp\/v2\/media?parent=982"}],"curies":[{"name":"wp","href":"https:\/\/api.w.org\/{rel}","templated":true}]}}