{"id":1673,"date":"2025-10-15T09:23:42","date_gmt":"2025-10-15T07:23:42","guid":{"rendered":"https:\/\/www.zoobap.com\/?page_id=1673"},"modified":"2025-10-15T10:05:08","modified_gmt":"2025-10-15T08:05:08","slug":"trabaja-con-nosotros","status":"publish","type":"page","link":"https:\/\/www.zoobap.com\/index.php\/trabaja-con-nosotros\/","title":{"rendered":"TRABAJA CON NOSOTROS"},"content":{"rendered":"\n<h2 class=\"wp-block-heading has-text-align-center\">TRABAJA CON NOSOTROS<\/h2>\n\n\n\n<div class=\"wp-block-columns alignwide is-layout-flex wp-container-core-columns-is-layout-28f84493 wp-block-columns-is-layout-flex\">\n<div class=\"wp-block-column is-vertically-aligned-center is-layout-flow wp-block-column-is-layout-flow\">\n<p>\u00bfQuieres formar parte de un equipo din\u00e1mico, creativo y en constante crecimiento? En <strong>Z<span style=\"color: red;\">OO<\/span>BAP <\/strong>, creemos en el talento, la pasi\u00f3n y el compromiso. Buscamos personas que compartan nuestra visi\u00f3n y est\u00e9n dispuestas a aportar lo mejor de s\u00ed mismas.<br><br>Si eres una persona proactiva, con ganas de aprender y crecer profesionalmente, \u00a1te estamos esperando! Ofrecemos un entorno de trabajo colaborativo, oportunidades de desarrollo y proyectos que te permitir\u00e1n dejar huella.<\/p>\n\n\n\n<p><br>\ud83d\udd39 <strong>\u00bfQu\u00e9 perfiles buscamos?<\/strong> Profesionales motivados, con iniciativa y ganas de formar parte de algo grande. No importa si est\u00e1s dando tus primeros pasos o si ya tienes experiencia: lo que valoramos es tu actitud y tu potencial.<\/p>\n\n\n\n<p><br>\ud83d\udd39 <strong>\u00bfPor qu\u00e9 trabajar con nosotros?<\/strong> Porque aqu\u00ed las ideas cuentan, el esfuerzo se reconoce y el crecimiento es parte del camino. Queremos que tu talento brille.<\/p>\n\n\n\n<p><br><a href=\"https:\/\/www.zoobap.com\/index.php\/contacto\/\" data-type=\"page\" data-id=\"682\"><strong>\ud83d\udce9 Si est\u00e1s interesado\/a, accede a trav\u00e9s de este enlace a la p\u00e1gina de contacto y haznos saber si est\u00e1s interesado. \u00a1Nos encantar\u00e1 conocerte!<\/strong><\/a><\/p>\n<\/div>\n\n\n\n<div class=\"wp-block-column is-vertically-aligned-center is-layout-flow wp-block-column-is-layout-flow\">\n<figure class=\"wp-block-image aligncenter size-full\"><img loading=\"lazy\" decoding=\"async\" width=\"1536\" height=\"1024\" sizes=\"auto, (max-width: 322px) 100vw, 322px\" src=\"https:\/\/www.zoobap.com\/wp-content\/uploads\/2025\/10\/Copilot_20251014_183706.png\" alt=\"\" class=\"wp-image-1680\" srcset=\"https:\/\/www.zoobap.com\/wp-content\/uploads\/2025\/10\/Copilot_20251014_183706.png 1536w, https:\/\/www.zoobap.com\/wp-content\/uploads\/2025\/10\/Copilot_20251014_183706-300x200.png 300w\" \/><\/figure>\n<\/div>\n<\/div>\n\n\n\n<p><\/p>\n","protected":false},"excerpt":{"rendered":"<p>TRABAJA CON NOSOTROS \u00bfQuieres formar parte de un equipo din\u00e1mico, creativo y en constante crecimiento? En ZOOBAP , creemos en el talento, la pasi\u00f3n y el compromiso. Buscamos personas que compartan nuestra visi\u00f3n y est\u00e9n dispuestas a aportar lo mejor de s\u00ed mismas. Si eres una persona proactiva, con ganas de aprender y crecer profesionalmente, [&hellip;]<\/p>\n","protected":false},"author":1,"featured_media":0,"parent":0,"menu_order":0,"comment_status":"closed","ping_status":"closed","template":"","meta":{"footnotes":""},"class_list":["post-1673","page","type-page","status-publish","hentry"],"_links":{"self":[{"href":"https:\/\/www.zoobap.com\/index.php\/wp-json\/wp\/v2\/pages\/1673","targetHints":{"allow":["GET"]}}],"collection":[{"href":"https:\/\/www.zoobap.com\/index.php\/wp-json\/wp\/v2\/pages"}],"about":[{"href":"https:\/\/www.zoobap.com\/index.php\/wp-json\/wp\/v2\/types\/page"}],"author":[{"embeddable":true,"href":"https:\/\/www.zoobap.com\/index.php\/wp-json\/wp\/v2\/users\/1"}],"replies":[{"embeddable":true,"href":"https:\/\/www.zoobap.com\/index.php\/wp-json\/wp\/v2\/comments?post=1673"}],"version-history":[{"count":9,"href":"https:\/\/www.zoobap.com\/index.php\/wp-json\/wp\/v2\/pages\/1673\/revisions"}],"predecessor-version":[{"id":1689,"href":"https:\/\/www.zoobap.com\/index.php\/wp-json\/wp\/v2\/pages\/1673\/revisions\/1689"}],"wp:attachment":[{"href":"https:\/\/www.zoobap.com\/index.php\/wp-json\/wp\/v2\/media?parent=1673"}],"curies":[{"name":"wp","href":"https:\/\/api.w.org\/{rel}","templated":true}]}}