{"id":1477,"date":"2025-09-25T18:31:20","date_gmt":"2025-09-25T16:31:20","guid":{"rendered":"http:\/\/nuevaweb.zoobap.com\/?page_id=1477"},"modified":"2025-10-01T09:09:50","modified_gmt":"2025-10-01T07:09:50","slug":"servicios","status":"publish","type":"page","link":"https:\/\/www.zoobap.com\/index.php\/servicios\/","title":{"rendered":"SERVICIOS"},"content":{"rendered":"\n<h2 class=\"wp-block-heading has-text-align-center\">Servicios<\/h2>\n\n\n\n<p class=\"has-text-align-left\"><sup>Si quiere saber m\u00e1s sobre cada servicio puede pinchar en el c\u00edrculo rojo al lado de cada servicio.<\/sup><\/p>\n\n\n\n<div class=\"wp-block-group is-nowrap is-layout-flex wp-container-core-group-is-layout-6c531013 wp-block-group-is-layout-flex\">\n<div class=\"wp-block-group alignwide has-global-padding is-layout-constrained wp-block-group-is-layout-constrained\">\n<div class=\"wp-block-group alignwide has-global-padding is-layout-constrained wp-block-group-is-layout-constrained\">\n<div class=\"wp-block-group alignwide is-vertical is-content-justification-left is-layout-flex wp-container-core-group-is-layout-dd225191 wp-block-group-is-layout-flex\">\n<div class=\"wp-block-group is-content-justification-left is-nowrap is-layout-flex wp-container-core-group-is-layout-fc9f69e7 wp-block-group-is-layout-flex\">\n<figure class=\"wp-block-image size-full is-resized is-style-default\" style=\"margin-top:0;margin-bottom:0\"><a href=\"http:\/\/www.zoobap.com\/index.php\/1371-2\/\"><img loading=\"lazy\" decoding=\"async\" width=\"510\" height=\"505\" sizes=\"auto, (max-width: 65px) 100vw, 65px\" src=\"http:\/\/www.zoobap.com\/wp-content\/uploads\/2025\/09\/BCO.ed378951-02be-40be-b77a-65a98a40cbf4.png\" alt=\"\" class=\"wp-image-1485\" style=\"width:65px\" srcset=\"https:\/\/www.zoobap.com\/wp-content\/uploads\/2025\/09\/BCO.ed378951-02be-40be-b77a-65a98a40cbf4.png 510w, https:\/\/www.zoobap.com\/wp-content\/uploads\/2025\/09\/BCO.ed378951-02be-40be-b77a-65a98a40cbf4-300x297.png 300w, https:\/\/www.zoobap.com\/wp-content\/uploads\/2025\/09\/BCO.ed378951-02be-40be-b77a-65a98a40cbf4-150x150.png 150w\" \/><\/a><\/figure>\n\n\n\n<p><br><strong>SOPORTE PRESENCIAL Y REMOTO <\/strong><br><sub><sup>Porque un buen servicio tambi\u00e9n tiene que ser r\u00e1pido.<\/sup><\/sub><\/p>\n<\/div>\n\n\n\n<div class=\"wp-block-group is-nowrap is-layout-flex wp-container-core-group-is-layout-6c531013 wp-block-group-is-layout-flex\">\n<figure class=\"wp-block-image size-full is-resized\"><a href=\"http:\/\/www.zoobap.com\/index.php\/1269-2\/\"><img loading=\"lazy\" decoding=\"async\" width=\"510\" height=\"505\" sizes=\"auto, (max-width: 65px) 100vw, 65px\" src=\"http:\/\/www.zoobap.com\/wp-content\/uploads\/2025\/09\/BCO.ed378951-02be-40be-b77a-65a98a40cbf4.png\" alt=\"\" class=\"wp-image-1485\" style=\"width:65px\" srcset=\"https:\/\/www.zoobap.com\/wp-content\/uploads\/2025\/09\/BCO.ed378951-02be-40be-b77a-65a98a40cbf4.png 510w, https:\/\/www.zoobap.com\/wp-content\/uploads\/2025\/09\/BCO.ed378951-02be-40be-b77a-65a98a40cbf4-300x297.png 300w, https:\/\/www.zoobap.com\/wp-content\/uploads\/2025\/09\/BCO.ed378951-02be-40be-b77a-65a98a40cbf4-150x150.png 150w\" \/><\/a><\/figure>\n\n\n\n<p><strong>MANTENIMIENTOS PERI\u00d3DICOS<\/strong><br><sup><sub>Porque adelantarse al fallo ahorra tiempo y disgustos<\/sub><\/sup>.<\/p>\n<\/div>\n\n\n\n<div class=\"wp-block-group is-nowrap is-layout-flex wp-container-core-group-is-layout-6c531013 wp-block-group-is-layout-flex\">\n<figure class=\"wp-block-image size-full is-resized\"><a href=\"http:\/\/www.zoobap.com\/index.php\/1374-2\/\"><img loading=\"lazy\" decoding=\"async\" width=\"510\" height=\"505\" sizes=\"auto, (max-width: 65px) 100vw, 65px\" src=\"http:\/\/www.zoobap.com\/wp-content\/uploads\/2025\/09\/BCO.ed378951-02be-40be-b77a-65a98a40cbf4.png\" alt=\"\" class=\"wp-image-1485\" style=\"width:65px\" srcset=\"https:\/\/www.zoobap.com\/wp-content\/uploads\/2025\/09\/BCO.ed378951-02be-40be-b77a-65a98a40cbf4.png 510w, https:\/\/www.zoobap.com\/wp-content\/uploads\/2025\/09\/BCO.ed378951-02be-40be-b77a-65a98a40cbf4-300x297.png 300w, https:\/\/www.zoobap.com\/wp-content\/uploads\/2025\/09\/BCO.ed378951-02be-40be-b77a-65a98a40cbf4-150x150.png 150w\" \/><\/a><\/figure>\n\n\n\n<p><strong>BACKUPS EXTERNOS<\/strong><br><sub><sup>Nadie valora una copia de seguridad hasta que se necesita<\/sup><\/sub>.<\/p>\n<\/div>\n\n\n\n<div class=\"wp-block-group is-content-justification-left is-nowrap is-layout-flex wp-container-core-group-is-layout-ed87f293 wp-block-group-is-layout-flex\">\n<figure class=\"wp-block-image size-full is-resized wp-container-content-9cfa9a5a\" style=\"margin-top:0;margin-right:0;margin-bottom:0;margin-left:0\"><a href=\"http:\/\/www.zoobap.com\/index.php\/1377-2\/\"><img loading=\"lazy\" decoding=\"async\" width=\"510\" height=\"505\" sizes=\"auto, (max-width: 85px) 100vw, 85px\" src=\"http:\/\/www.zoobap.com\/wp-content\/uploads\/2025\/09\/BCO.ed378951-02be-40be-b77a-65a98a40cbf4.png\" alt=\"\" class=\"wp-image-1485\" style=\"width:85px\" srcset=\"https:\/\/www.zoobap.com\/wp-content\/uploads\/2025\/09\/BCO.ed378951-02be-40be-b77a-65a98a40cbf4.png 510w, https:\/\/www.zoobap.com\/wp-content\/uploads\/2025\/09\/BCO.ed378951-02be-40be-b77a-65a98a40cbf4-300x297.png 300w, https:\/\/www.zoobap.com\/wp-content\/uploads\/2025\/09\/BCO.ed378951-02be-40be-b77a-65a98a40cbf4-150x150.png 150w\" \/><\/a><\/figure>\n\n\n\n<p><strong>VENTA DE LICENCIAS<\/strong><br><sub><sup>Tenemos un amplio cat\u00e1logo de soluciones Microsoft adaptadas a las necesidades de tu empresa<\/sup><\/sub>.<\/p>\n<\/div>\n\n\n\n<div class=\"wp-block-group is-nowrap is-layout-flex wp-container-core-group-is-layout-6c531013 wp-block-group-is-layout-flex\">\n<figure class=\"wp-block-image size-full is-resized wp-container-content-9cfa9a5a\"><a href=\"http:\/\/www.zoobap.com\/index.php\/1380-2\/\"><img loading=\"lazy\" decoding=\"async\" width=\"510\" height=\"505\" sizes=\"auto, (max-width: 75px) 100vw, 75px\" src=\"http:\/\/www.zoobap.com\/wp-content\/uploads\/2025\/09\/BCO.ed378951-02be-40be-b77a-65a98a40cbf4.png\" alt=\"\" class=\"wp-image-1485\" style=\"width:75px\" srcset=\"https:\/\/www.zoobap.com\/wp-content\/uploads\/2025\/09\/BCO.ed378951-02be-40be-b77a-65a98a40cbf4.png 510w, https:\/\/www.zoobap.com\/wp-content\/uploads\/2025\/09\/BCO.ed378951-02be-40be-b77a-65a98a40cbf4-300x297.png 300w, https:\/\/www.zoobap.com\/wp-content\/uploads\/2025\/09\/BCO.ed378951-02be-40be-b77a-65a98a40cbf4-150x150.png 150w\" \/><\/a><\/figure>\n\n\n\n<p><strong>AUDITORIAS DE SEGURIDAD<\/strong><br><sub><sup>Identificamos y corregimos vulnerabilidades antes de que se conviertan en un riesgo real.<\/sup><\/sub><\/p>\n<\/div>\n\n\n\n<div class=\"wp-block-group is-nowrap is-layout-flex wp-container-core-group-is-layout-6c531013 wp-block-group-is-layout-flex\">\n<figure class=\"wp-block-image size-full is-resized\"><a href=\"http:\/\/www.zoobap.com\/index.php\/1383-2\/\"><img loading=\"lazy\" decoding=\"async\" width=\"510\" height=\"505\" sizes=\"auto, (max-width: 65px) 100vw, 65px\" src=\"http:\/\/www.zoobap.com\/wp-content\/uploads\/2025\/09\/BCO.ed378951-02be-40be-b77a-65a98a40cbf4.png\" alt=\"\" class=\"wp-image-1485\" style=\"width:65px\" srcset=\"https:\/\/www.zoobap.com\/wp-content\/uploads\/2025\/09\/BCO.ed378951-02be-40be-b77a-65a98a40cbf4.png 510w, https:\/\/www.zoobap.com\/wp-content\/uploads\/2025\/09\/BCO.ed378951-02be-40be-b77a-65a98a40cbf4-300x297.png 300w, https:\/\/www.zoobap.com\/wp-content\/uploads\/2025\/09\/BCO.ed378951-02be-40be-b77a-65a98a40cbf4-150x150.png 150w\" \/><\/a><\/figure>\n\n\n\n<p><strong>PROGRAMA DE BECAS<\/strong><br><sup><sub>En esta empresa no solo arreglamos todo tipo de problemas inform\u00e1ticos<\/sub><\/sup>.<\/p>\n<\/div>\n<\/div>\n<\/div>\n<\/div>\n<\/div>\n\n\n\n<p class=\"is-style-default\"><\/p>\n\n\n\n<p><\/p>\n","protected":false},"excerpt":{"rendered":"<p>Servicios Si quiere saber m\u00e1s sobre cada servicio puede pinchar en el c\u00edrculo rojo al lado de cada servicio. SOPORTE PRESENCIAL Y REMOTO Porque un buen servicio tambi\u00e9n tiene que ser r\u00e1pido. MANTENIMIENTOS PERI\u00d3DICOSPorque adelantarse al fallo ahorra tiempo y disgustos. BACKUPS EXTERNOSNadie valora una copia de seguridad hasta que se necesita. VENTA DE LICENCIASTenemos [&hellip;]<\/p>\n","protected":false},"author":1,"featured_media":0,"parent":0,"menu_order":0,"comment_status":"closed","ping_status":"closed","template":"","meta":{"footnotes":""},"class_list":["post-1477","page","type-page","status-publish","hentry"],"_links":{"self":[{"href":"https:\/\/www.zoobap.com\/index.php\/wp-json\/wp\/v2\/pages\/1477","targetHints":{"allow":["GET"]}}],"collection":[{"href":"https:\/\/www.zoobap.com\/index.php\/wp-json\/wp\/v2\/pages"}],"about":[{"href":"https:\/\/www.zoobap.com\/index.php\/wp-json\/wp\/v2\/types\/page"}],"author":[{"embeddable":true,"href":"https:\/\/www.zoobap.com\/index.php\/wp-json\/wp\/v2\/users\/1"}],"replies":[{"embeddable":true,"href":"https:\/\/www.zoobap.com\/index.php\/wp-json\/wp\/v2\/comments?post=1477"}],"version-history":[{"count":50,"href":"https:\/\/www.zoobap.com\/index.php\/wp-json\/wp\/v2\/pages\/1477\/revisions"}],"predecessor-version":[{"id":1597,"href":"https:\/\/www.zoobap.com\/index.php\/wp-json\/wp\/v2\/pages\/1477\/revisions\/1597"}],"wp:attachment":[{"href":"https:\/\/www.zoobap.com\/index.php\/wp-json\/wp\/v2\/media?parent=1477"}],"curies":[{"name":"wp","href":"https:\/\/api.w.org\/{rel}","templated":true}]}}