{"id":1470,"date":"2025-09-29T15:45:36","date_gmt":"2025-09-29T13:45:36","guid":{"rendered":"http:\/\/nuevaweb.zoobap.com\/?page_id=1470"},"modified":"2025-10-01T10:21:44","modified_gmt":"2025-10-01T08:21:44","slug":"soporte","status":"publish","type":"page","link":"https:\/\/www.zoobap.com\/index.php\/soporte\/","title":{"rendered":"Soporte"},"content":{"rendered":"\n<h2 class=\"wp-block-heading has-text-align-center\">Soporte<\/h2>\n\n\n\n<p class=\"is-style-default\">Desde aqu\u00ed podr\u00e1 descargarse un programa que nos permitir\u00e1 ayudarle por control remoto.<\/p>\n\n\n\n<p class=\"has-text-align-center\"><strong>Pincha en la imagen<\/strong><\/p>\n\n\n\n<figure class=\"wp-block-image aligncenter size-full is-resized wp-duotone-unset-1\"><a href=\"https:\/\/get.teamviewer.com\/rstsy4d\"><img loading=\"lazy\" decoding=\"async\" width=\"1024\" height=\"1536\" sizes=\"auto, (max-width: 348px) 100vw, 348px\" src=\"http:\/\/www.zoobap.com\/wp-content\/uploads\/2025\/10\/BCO.96d5cbce-6a73-4c67-9518-bed1428b189e.png\" alt=\"\" class=\"wp-image-1618\" style=\"width:348px;height:auto\" srcset=\"https:\/\/www.zoobap.com\/wp-content\/uploads\/2025\/10\/BCO.96d5cbce-6a73-4c67-9518-bed1428b189e.png 1024w, https:\/\/www.zoobap.com\/wp-content\/uploads\/2025\/10\/BCO.96d5cbce-6a73-4c67-9518-bed1428b189e-200x300.png 200w\" \/><\/a><\/figure>\n","protected":false},"excerpt":{"rendered":"<p>Soporte Desde aqu\u00ed podr\u00e1 descargarse un programa que nos permitir\u00e1 ayudarle por control remoto. Pincha en la imagen<\/p>\n","protected":false},"author":1,"featured_media":0,"parent":0,"menu_order":0,"comment_status":"closed","ping_status":"closed","template":"","meta":{"footnotes":""},"class_list":["post-1470","page","type-page","status-publish","hentry"],"_links":{"self":[{"href":"https:\/\/www.zoobap.com\/index.php\/wp-json\/wp\/v2\/pages\/1470","targetHints":{"allow":["GET"]}}],"collection":[{"href":"https:\/\/www.zoobap.com\/index.php\/wp-json\/wp\/v2\/pages"}],"about":[{"href":"https:\/\/www.zoobap.com\/index.php\/wp-json\/wp\/v2\/types\/page"}],"author":[{"embeddable":true,"href":"https:\/\/www.zoobap.com\/index.php\/wp-json\/wp\/v2\/users\/1"}],"replies":[{"embeddable":true,"href":"https:\/\/www.zoobap.com\/index.php\/wp-json\/wp\/v2\/comments?post=1470"}],"version-history":[{"count":13,"href":"https:\/\/www.zoobap.com\/index.php\/wp-json\/wp\/v2\/pages\/1470\/revisions"}],"predecessor-version":[{"id":1628,"href":"https:\/\/www.zoobap.com\/index.php\/wp-json\/wp\/v2\/pages\/1470\/revisions\/1628"}],"wp:attachment":[{"href":"https:\/\/www.zoobap.com\/index.php\/wp-json\/wp\/v2\/media?parent=1470"}],"curies":[{"name":"wp","href":"https:\/\/api.w.org\/{rel}","templated":true}]}}