{"id":1383,"date":"2025-09-08T17:05:25","date_gmt":"2025-09-08T15:05:25","guid":{"rendered":"http:\/\/nuevaweb.zoobap.com\/?page_id=1383"},"modified":"2026-03-17T12:04:38","modified_gmt":"2026-03-17T11:04:38","slug":"1383-2","status":"publish","type":"page","link":"https:\/\/www.zoobap.com\/index.php\/1383-2\/","title":{"rendered":"PROGRAMA DE BECAS"},"content":{"rendered":"\n<h2 class=\"wp-block-heading has-text-align-center\">PROGRAMA DE BECAS<\/h2>\n\n\n\n<div class=\"wp-block-columns alignfull is-layout-flex wp-container-core-columns-is-layout-28f84493 wp-block-columns-is-layout-flex\">\n<div class=\"wp-block-column is-vertically-aligned-stretch is-layout-flow wp-block-column-is-layout-flow\" style=\"flex-basis:25%\"><\/div>\n\n\n\n<div class=\"wp-block-column is-layout-flow wp-block-column-is-layout-flow\" style=\"flex-basis:50%\">\n<p class=\"has-text-align-left is-style-text-display has-large-font-size is-style-text-display--1\">En <strong>Z<span style=\"color: red;\">OO<\/span>BAP <\/strong>creemos en el talento joven y en la importancia de la formaci\u00f3n pr\u00e1ctica como motor de futuro en el sector tecnol\u00f3gico.<br><br>Por ello, dos veces al a\u00f1o abrimos nuestro <strong>Programa de Becas<\/strong>, una oportunidad para que estudiantes de Grado Superior, puedan conocer de primera mano c\u00f3mo trabajamos en el d\u00eda a d\u00eda de una empresa de Servicios Inform\u00e1ticos.<br><br>Durante su estancia, l@s becari@s participan activamente en proyectos reales, acompa\u00f1ados por profesionales con amplia experiencia en \u00e1reas como administraci\u00f3n de sistemas, redes, seguridad inform\u00e1tica, desarrollo de aplicaciones y soporte t\u00e9cnico especializado.<br><br>Nuestro objetivo es <strong>formar a la pr\u00f3xima generaci\u00f3n de profesionales IT<\/strong>, transmitiendo no solo conocimientos t\u00e9cnicos, sino tambi\u00e9n metodolog\u00edas de trabajo, buenas pr\u00e1cticas y la cultura de innovaci\u00f3n y compromiso que caracteriza a nuestra empresa.<br><br>Si quieres crecer en un entorno din\u00e1mico, aprender de la experiencia de un equipo consolidado y dar tus primeros pasos en el mundo profesional, nuestro <strong>Programa de Becas<\/strong> es para ti.<br><br><a href=\"http:\/\/www.zoobap.com\/index.php\/contacto\/\">\ud83d\udc49 <strong>Consulta nuestras pr\u00f3ximas convocatorias y \u00fanete a la experiencia Z<span style=\"color: red;\">OO<\/span>BAP.<\/strong><\/a><\/p>\n<\/div>\n\n\n\n<div class=\"wp-block-column is-vertically-aligned-top is-layout-flow wp-block-column-is-layout-flow\" style=\"flex-basis:25%\">\n<h2 class=\"wp-block-heading has-text-align-center\">PROMOCIONES<\/h2>\n\n\n\n<figure class=\"wp-block-image size-full is-resized is-style-default\"><img loading=\"lazy\" decoding=\"async\" width=\"1024\" height=\"576\" sizes=\"auto, (max-width: 161px) 100vw, 161px\" src=\"https:\/\/www.zoobap.com\/wp-content\/uploads\/2026\/03\/Image.jpg\" alt=\"\" class=\"wp-image-1710\" style=\"width:387px;height:auto\" srcset=\"https:\/\/www.zoobap.com\/wp-content\/uploads\/2026\/03\/Image.jpg 1024w, https:\/\/www.zoobap.com\/wp-content\/uploads\/2026\/03\/Image-300x169.jpg 300w, https:\/\/www.zoobap.com\/wp-content\/uploads\/2026\/03\/Image-768x432.jpg 768w\" \/><figcaption class=\"wp-element-caption\">FEBRERO 2026: C\u00e9sar, Ismael y Andrea<\/figcaption><\/figure>\n\n\n\n<figure class=\"wp-block-image size-full is-resized\"><img loading=\"lazy\" decoding=\"async\" width=\"1024\" height=\"576\" sizes=\"auto, (max-width: 161px) 100vw, 161px\" src=\"https:\/\/www.zoobap.com\/wp-content\/uploads\/2025\/10\/Image.jpg\" alt=\"\" class=\"wp-image-1696\" style=\"width:387px;height:auto\" srcset=\"https:\/\/www.zoobap.com\/wp-content\/uploads\/2025\/10\/Image.jpg 1024w, https:\/\/www.zoobap.com\/wp-content\/uploads\/2025\/10\/Image-300x169.jpg 300w, https:\/\/www.zoobap.com\/wp-content\/uploads\/2025\/10\/Image-768x432.jpg 768w\" \/><figcaption class=\"wp-element-caption\">OCTUBRE 2025: C\u00e9sar y Andrea<\/figcaption><\/figure>\n\n\n\n<figure class=\"wp-block-image alignleft size-full is-resized\"><img loading=\"lazy\" decoding=\"async\" width=\"535\" height=\"398\" sizes=\"auto, (max-width: 335px) 100vw, 335px\" src=\"http:\/\/www.zoobap.com\/wp-content\/uploads\/2025\/09\/Captura-de-pantalla-2025-09-30-154156.png\" alt=\"\" class=\"wp-image-1555\" style=\"width:386px;height:auto\" srcset=\"https:\/\/www.zoobap.com\/wp-content\/uploads\/2025\/09\/Captura-de-pantalla-2025-09-30-154156.png 535w, https:\/\/www.zoobap.com\/wp-content\/uploads\/2025\/09\/Captura-de-pantalla-2025-09-30-154156-300x223.png 300w\" \/><figcaption class=\"wp-element-caption\">MARZO 2025: C\u00e9sar, Javier, Ra\u00fal y Daniel<\/figcaption><\/figure>\n<\/div>\n<\/div>\n\n\n\n<p><\/p>\n","protected":false},"excerpt":{"rendered":"<p>PROGRAMA DE BECAS En ZOOBAP creemos en el talento joven y en la importancia de la formaci\u00f3n pr\u00e1ctica como motor de futuro en el sector tecnol\u00f3gico. Por ello, dos veces al a\u00f1o abrimos nuestro Programa de Becas, una oportunidad para que estudiantes de Grado Superior, puedan conocer de primera mano c\u00f3mo trabajamos en el d\u00eda [&hellip;]<\/p>\n","protected":false},"author":1,"featured_media":0,"parent":0,"menu_order":0,"comment_status":"closed","ping_status":"closed","template":"","meta":{"footnotes":""},"class_list":["post-1383","page","type-page","status-publish","hentry"],"_links":{"self":[{"href":"https:\/\/www.zoobap.com\/index.php\/wp-json\/wp\/v2\/pages\/1383","targetHints":{"allow":["GET"]}}],"collection":[{"href":"https:\/\/www.zoobap.com\/index.php\/wp-json\/wp\/v2\/pages"}],"about":[{"href":"https:\/\/www.zoobap.com\/index.php\/wp-json\/wp\/v2\/types\/page"}],"author":[{"embeddable":true,"href":"https:\/\/www.zoobap.com\/index.php\/wp-json\/wp\/v2\/users\/1"}],"replies":[{"embeddable":true,"href":"https:\/\/www.zoobap.com\/index.php\/wp-json\/wp\/v2\/comments?post=1383"}],"version-history":[{"count":35,"href":"https:\/\/www.zoobap.com\/index.php\/wp-json\/wp\/v2\/pages\/1383\/revisions"}],"predecessor-version":[{"id":1714,"href":"https:\/\/www.zoobap.com\/index.php\/wp-json\/wp\/v2\/pages\/1383\/revisions\/1714"}],"wp:attachment":[{"href":"https:\/\/www.zoobap.com\/index.php\/wp-json\/wp\/v2\/media?parent=1383"}],"curies":[{"name":"wp","href":"https:\/\/api.w.org\/{rel}","templated":true}]}}