{"id":1380,"date":"2025-09-08T17:04:52","date_gmt":"2025-09-08T15:04:52","guid":{"rendered":"http:\/\/nuevaweb.zoobap.com\/?page_id=1380"},"modified":"2025-10-01T11:18:01","modified_gmt":"2025-10-01T09:18:01","slug":"1380-2","status":"publish","type":"page","link":"https:\/\/www.zoobap.com\/index.php\/1380-2\/","title":{"rendered":"AUDITORIAS DE SEGURIDAD"},"content":{"rendered":"\n<h2 class=\"wp-block-heading has-text-align-center\">AUDITORIAS DE SEGURIDAD<\/h2>\n\n\n\n<blockquote class=\"wp-block-quote alignwide is-style-plain is-layout-flow wp-block-quote-is-layout-flow is-style-plain--1\">\n<div class=\"wp-block-group is-nowrap is-layout-flex wp-container-core-group-is-layout-6c531013 wp-block-group-is-layout-flex\">\n<p>En <strong>Z<span style=\"color: red;\">OO<\/span>BAP SERVICIOS INFORM\u00c1TICOS S.L.<\/strong> ayudamos a las empresas a identificar y corregir vulnerabilidades antes de que se conviertan en un riesgo real.<br><br>Nuestras <strong>auditor\u00edas de seguridad<\/strong> analizan en profundidad la infraestructura tecnol\u00f3gica de tu organizaci\u00f3n: redes, servidores, aplicaciones, accesos y pol\u00edticas de uso. El objetivo es detectar posibles fallos de configuraci\u00f3n, amenazas externas o internas y puntos d\u00e9biles que puedan comprometer la confidencialidad, integridad y disponibilidad de tu informaci\u00f3n.<br><br>Realizamos un diagn\u00f3stico claro, acompa\u00f1ado de <strong>recomendaciones pr\u00e1cticas y personalizadas<\/strong>, para que tu empresa cuente con un entorno inform\u00e1tico robusto, actualizado y alineado con las mejores pr\u00e1cticas del sector.<br><br>Prot\u00e9gete frente a ciberataques y garantiza la continuidad de tu negocio.<br><br>Solicita m\u00e1s informaci\u00f3n a trav\u00e9s de nuestro <strong>formulario de contacto<\/strong> y da el primer paso hacia una infraestructura segura.<\/p>\n\n\n\n<figure class=\"wp-block-image size-full\"><img loading=\"lazy\" decoding=\"async\" width=\"1024\" height=\"1253\" sizes=\"auto, (max-width: 645px) 100vw, 645px\" src=\"http:\/\/www.zoobap.com\/wp-content\/uploads\/2025\/10\/Auditorias.png\" alt=\"\" class=\"wp-image-1616\" srcset=\"https:\/\/www.zoobap.com\/wp-content\/uploads\/2025\/10\/Auditorias.png 1024w, https:\/\/www.zoobap.com\/wp-content\/uploads\/2025\/10\/Auditorias-245x300.png 245w\" \/><\/figure>\n<\/div>\n<\/blockquote>\n\n\n\n<p><\/p>\n","protected":false},"excerpt":{"rendered":"<p>AUDITORIAS DE SEGURIDAD<\/p>\n","protected":false},"author":1,"featured_media":0,"parent":0,"menu_order":0,"comment_status":"closed","ping_status":"closed","template":"","meta":{"footnotes":""},"class_list":["post-1380","page","type-page","status-publish","hentry"],"_links":{"self":[{"href":"https:\/\/www.zoobap.com\/index.php\/wp-json\/wp\/v2\/pages\/1380","targetHints":{"allow":["GET"]}}],"collection":[{"href":"https:\/\/www.zoobap.com\/index.php\/wp-json\/wp\/v2\/pages"}],"about":[{"href":"https:\/\/www.zoobap.com\/index.php\/wp-json\/wp\/v2\/types\/page"}],"author":[{"embeddable":true,"href":"https:\/\/www.zoobap.com\/index.php\/wp-json\/wp\/v2\/users\/1"}],"replies":[{"embeddable":true,"href":"https:\/\/www.zoobap.com\/index.php\/wp-json\/wp\/v2\/comments?post=1380"}],"version-history":[{"count":21,"href":"https:\/\/www.zoobap.com\/index.php\/wp-json\/wp\/v2\/pages\/1380\/revisions"}],"predecessor-version":[{"id":1662,"href":"https:\/\/www.zoobap.com\/index.php\/wp-json\/wp\/v2\/pages\/1380\/revisions\/1662"}],"wp:attachment":[{"href":"https:\/\/www.zoobap.com\/index.php\/wp-json\/wp\/v2\/media?parent=1380"}],"curies":[{"name":"wp","href":"https:\/\/api.w.org\/{rel}","templated":true}]}}