{"id":1377,"date":"2025-09-08T17:04:07","date_gmt":"2025-09-08T15:04:07","guid":{"rendered":"http:\/\/nuevaweb.zoobap.com\/?page_id=1377"},"modified":"2025-10-01T11:17:37","modified_gmt":"2025-10-01T09:17:37","slug":"1377-2","status":"publish","type":"page","link":"https:\/\/www.zoobap.com\/index.php\/1377-2\/","title":{"rendered":"VENTA DE LICENCIAS"},"content":{"rendered":"\n<h2 class=\"wp-block-heading has-text-align-center\">VENTA DE LICENCIAS<\/h2>\n\n\n\n<p>En <strong>Z<span style=\"color: red;\">OO<\/span>BAP SERVICIOS INFORM\u00c1TICOS S.L.<\/strong> somos <strong>partners oficiales de Microsoft desde 2020<\/strong>, lo que nos permite ofrecer a nuestros clientes <strong>licencias originales y totalmente legales<\/strong> para sus entornos de trabajo.<br><br>Ponemos a tu disposici\u00f3n un amplio cat\u00e1logo de soluciones Microsoft adaptadas a las necesidades de tu empresa o proyecto: desde sistemas operativos y suites ofim\u00e1ticas hasta licencias en la nube con todas las ventajas de <strong>Microsoft 365<\/strong>.<br><br>Nuestro objetivo es garantizar que trabajes siempre con <strong>software seguro, actualizado y con soporte oficial<\/strong>, evitando riesgos derivados del uso de licencias no autorizadas. Adem\u00e1s, te asesoramos para elegir la opci\u00f3n m\u00e1s adecuada seg\u00fan el tama\u00f1o y las caracter\u00edsticas de tu organizaci\u00f3n.<br><br>Si deseas m\u00e1s informaci\u00f3n o una propuesta adaptada a tu caso, ponte en contacto con nosotros a trav\u00e9s de nuestro <strong>formulario de contacto<\/strong>. Estaremos encantados de ayudarte.<\/p>\n\n\n\n<figure class=\"wp-block-image aligncenter size-full has-custom-border\"><a href=\"https:\/\/appsource.microsoft.com\/es-es\/marketplace\/partner-dir\/06b2e82a-23db-4f00-a499-c5a976c5bf24\/overview\"><img loading=\"lazy\" decoding=\"async\" width=\"252\" height=\"83\" sizes=\"auto, (max-width: 252px) 100vw, 252px\" src=\"http:\/\/www.zoobap.com\/wp-content\/uploads\/2025\/09\/Captura-de-pantalla-2025-09-30-153743.png\" alt=\"\" class=\"has-border-color has-contrast-border-color wp-image-1550\"\/><\/a><\/figure>\n\n\n\n<p><\/p>\n","protected":false},"excerpt":{"rendered":"<p>VENTA DE LICENCIAS En ZOOBAP SERVICIOS INFORM\u00c1TICOS S.L. somos partners oficiales de Microsoft desde 2020, lo que nos permite ofrecer a nuestros clientes licencias originales y totalmente legales para sus entornos de trabajo. Ponemos a tu disposici\u00f3n un amplio cat\u00e1logo de soluciones Microsoft adaptadas a las necesidades de tu empresa o proyecto: desde sistemas operativos [&hellip;]<\/p>\n","protected":false},"author":1,"featured_media":0,"parent":0,"menu_order":0,"comment_status":"closed","ping_status":"closed","template":"","meta":{"footnotes":""},"class_list":["post-1377","page","type-page","status-publish","hentry"],"_links":{"self":[{"href":"https:\/\/www.zoobap.com\/index.php\/wp-json\/wp\/v2\/pages\/1377","targetHints":{"allow":["GET"]}}],"collection":[{"href":"https:\/\/www.zoobap.com\/index.php\/wp-json\/wp\/v2\/pages"}],"about":[{"href":"https:\/\/www.zoobap.com\/index.php\/wp-json\/wp\/v2\/types\/page"}],"author":[{"embeddable":true,"href":"https:\/\/www.zoobap.com\/index.php\/wp-json\/wp\/v2\/users\/1"}],"replies":[{"embeddable":true,"href":"https:\/\/www.zoobap.com\/index.php\/wp-json\/wp\/v2\/comments?post=1377"}],"version-history":[{"count":13,"href":"https:\/\/www.zoobap.com\/index.php\/wp-json\/wp\/v2\/pages\/1377\/revisions"}],"predecessor-version":[{"id":1661,"href":"https:\/\/www.zoobap.com\/index.php\/wp-json\/wp\/v2\/pages\/1377\/revisions\/1661"}],"wp:attachment":[{"href":"https:\/\/www.zoobap.com\/index.php\/wp-json\/wp\/v2\/media?parent=1377"}],"curies":[{"name":"wp","href":"https:\/\/api.w.org\/{rel}","templated":true}]}}