{"id":1269,"date":"2025-09-04T14:10:27","date_gmt":"2025-09-04T12:10:27","guid":{"rendered":"http:\/\/nuevaweb.zoobap.com\/?page_id=1269"},"modified":"2025-10-01T09:58:18","modified_gmt":"2025-10-01T07:58:18","slug":"1269-2","status":"publish","type":"page","link":"https:\/\/www.zoobap.com\/index.php\/1269-2\/","title":{"rendered":"MANTENIMIENTOS"},"content":{"rendered":"\n<h2 class=\"wp-block-heading has-text-align-center has-x-large-font-size\">MANTENIMIENTOS PERI\u00d3DICOS<\/h2>\n\n\n\n<div class=\"wp-block-group alignwide is-content-justification-left is-nowrap is-layout-flex wp-container-core-group-is-layout-327ecd92 wp-block-group-is-layout-flex\">\n<p>Alguna vez se le ha roto el ordenador\u2026 seguro que s\u00ed. Sabr\u00e1 entonces la cantidad de tiempo que pierde para poder volver a usar su equipo.<br><br>Con nuestros mantenimientos peri\u00f3dicos, buscamos adelantarnos a los fallos y ahorrar as\u00ed tiempo y disgustos\u2026<\/p>\n\n\n\n<figure class=\"wp-block-image size-full is-resized\"><img loading=\"lazy\" decoding=\"async\" width=\"1024\" height=\"1024\" sizes=\"auto, (max-width: 350px) 100vw, 350px\" src=\"http:\/\/www.zoobap.com\/wp-content\/uploads\/2025\/10\/BCO.f0a6d92e-148c-46c7-9f63-78895b982066.png\" alt=\"\" class=\"wp-image-1611\" style=\"width:350px;height:auto\" srcset=\"https:\/\/www.zoobap.com\/wp-content\/uploads\/2025\/10\/BCO.f0a6d92e-148c-46c7-9f63-78895b982066.png 1024w, https:\/\/www.zoobap.com\/wp-content\/uploads\/2025\/10\/BCO.f0a6d92e-148c-46c7-9f63-78895b982066-300x300.png 300w, https:\/\/www.zoobap.com\/wp-content\/uploads\/2025\/10\/BCO.f0a6d92e-148c-46c7-9f63-78895b982066-150x150.png 150w, https:\/\/www.zoobap.com\/wp-content\/uploads\/2025\/10\/BCO.f0a6d92e-148c-46c7-9f63-78895b982066-768x768.png 768w\" \/><\/figure>\n<\/div>\n\n\n\n<p><\/p>\n\n\n\n<p><\/p>\n","protected":false},"excerpt":{"rendered":"<p>MANTENIMIENTOS PERI\u00d3DICOS Alguna vez se le ha roto el ordenador\u2026 seguro que s\u00ed. Sabr\u00e1 entonces la cantidad de tiempo que pierde para poder volver a usar su equipo. Con nuestros mantenimientos peri\u00f3dicos, buscamos adelantarnos a los fallos y ahorrar as\u00ed tiempo y disgustos\u2026<\/p>\n","protected":false},"author":1,"featured_media":0,"parent":0,"menu_order":0,"comment_status":"closed","ping_status":"closed","template":"","meta":{"footnotes":""},"class_list":["post-1269","page","type-page","status-publish","hentry"],"_links":{"self":[{"href":"https:\/\/www.zoobap.com\/index.php\/wp-json\/wp\/v2\/pages\/1269","targetHints":{"allow":["GET"]}}],"collection":[{"href":"https:\/\/www.zoobap.com\/index.php\/wp-json\/wp\/v2\/pages"}],"about":[{"href":"https:\/\/www.zoobap.com\/index.php\/wp-json\/wp\/v2\/types\/page"}],"author":[{"embeddable":true,"href":"https:\/\/www.zoobap.com\/index.php\/wp-json\/wp\/v2\/users\/1"}],"replies":[{"embeddable":true,"href":"https:\/\/www.zoobap.com\/index.php\/wp-json\/wp\/v2\/comments?post=1269"}],"version-history":[{"count":12,"href":"https:\/\/www.zoobap.com\/index.php\/wp-json\/wp\/v2\/pages\/1269\/revisions"}],"predecessor-version":[{"id":1614,"href":"https:\/\/www.zoobap.com\/index.php\/wp-json\/wp\/v2\/pages\/1269\/revisions\/1614"}],"wp:attachment":[{"href":"https:\/\/www.zoobap.com\/index.php\/wp-json\/wp\/v2\/media?parent=1269"}],"curies":[{"name":"wp","href":"https:\/\/api.w.org\/{rel}","templated":true}]}}